{"id":717,"date":"2024-04-17T09:22:08","date_gmt":"2024-04-17T09:22:08","guid":{"rendered":"https:\/\/www.kefirma.it\/prodotto\/lote-de-1000-firmas-otp\/"},"modified":"2024-04-18T14:25:23","modified_gmt":"2024-04-18T14:25:23","slug":"lote-de-1000-firmas-otp","status":"publish","type":"product","link":"https:\/\/www.kefirma.it\/es\/prodotto\/lote-de-1000-firmas-otp\/","title":{"rendered":"Lote de 1000 firmas OTP"},"content":{"rendered":"<p>Un paquete prepago tiene una duraci\u00f3n de 24 meses desde la fecha de activaci\u00f3n, despu\u00e9s de los cuales cualquier transacci\u00f3n restante ser\u00e1 eliminada.<br \/>\nUna transacci\u00f3n consiste en enviar, en una sola operaci\u00f3n, uno o m\u00e1s documentos PDF a uno o m\u00e1s firmantes.<br \/>\nPara enviar m\u00faltiples documentos, los archivos PDF deben estar contenidos en un archivo zip que no debe contener otros archivos o carpetas.<\/p>\n","protected":false},"excerpt":{"rendered":"<p>Un paquete prepago tiene una duraci\u00f3n de 24 meses desde la fecha de activaci\u00f3n, despu\u00e9s de los cuales cualquier transacci\u00f3n restante ser\u00e1 eliminada. Una transacci\u00f3n consiste<span class=\"excerpt-hellip\"> [\u2026]<\/span><\/p>\n","protected":false},"featured_media":673,"template":"","meta":[],"product_brand":[],"product_cat":[50],"product_tag":[],"class_list":{"0":"post-717","1":"product","2":"type-product","3":"status-publish","4":"has-post-thumbnail","6":"product_cat-categoria-firmas-otp","8":"first","9":"instock","10":"downloadable","11":"virtual","12":"sold-individually","13":"taxable","14":"purchasable","15":"product-type-simple"},"_links":{"self":[{"href":"https:\/\/www.kefirma.it\/es\/wp-json\/wp\/v2\/product\/717","targetHints":{"allow":["GET"]}}],"collection":[{"href":"https:\/\/www.kefirma.it\/es\/wp-json\/wp\/v2\/product"}],"about":[{"href":"https:\/\/www.kefirma.it\/es\/wp-json\/wp\/v2\/types\/product"}],"wp:featuredmedia":[{"embeddable":true,"href":"https:\/\/www.kefirma.it\/es\/wp-json\/wp\/v2\/media\/673"}],"wp:attachment":[{"href":"https:\/\/www.kefirma.it\/es\/wp-json\/wp\/v2\/media?parent=717"}],"wp:term":[{"taxonomy":"product_brand","embeddable":true,"href":"https:\/\/www.kefirma.it\/es\/wp-json\/wp\/v2\/product_brand?post=717"},{"taxonomy":"product_cat","embeddable":true,"href":"https:\/\/www.kefirma.it\/es\/wp-json\/wp\/v2\/product_cat?post=717"},{"taxonomy":"product_tag","embeddable":true,"href":"https:\/\/www.kefirma.it\/es\/wp-json\/wp\/v2\/product_tag?post=717"}],"curies":[{"name":"wp","href":"https:\/\/api.w.org\/{rel}","templated":true}]}}